{"id":837,"date":"2020-08-28T13:47:07","date_gmt":"2020-08-28T13:47:07","guid":{"rendered":"https:\/\/bighearts.wgl-demo.net\/?page_id=837"},"modified":"2023-04-28T17:23:51","modified_gmt":"2023-04-28T17:23:51","slug":"programas-sociales","status":"publish","type":"page","link":"http:\/\/permanecelamor.org.mx\/en\/programas-sociales\/","title":{"rendered":"Social Programs"},"content":{"rendered":"<div data-elementor-type=\"wp-page\" data-elementor-id=\"837\" class=\"elementor elementor-837\" data-elementor-post-type=\"page\">\n\t\t\t\t\t\t<section class=\"elementor-section elementor-top-section elementor-element elementor-element-e26cb38 elementor-section-boxed elementor-section-height-default elementor-section-height-default\" data-id=\"e26cb38\" data-element_type=\"section\" data-e-type=\"section\" data-settings=\"{&quot;background_background&quot;:&quot;classic&quot;}\">\n\t\t\t\t\t\t\t<div class=\"elementor-background-overlay\"><\/div>\n\t\t\t\t\t\t\t<div class=\"elementor-container elementor-column-gap-default\">\n\t\t\t\t\t<div class=\"elementor-column elementor-col-100 elementor-top-column elementor-element elementor-element-0281c4a\" data-id=\"0281c4a\" data-element_type=\"column\" data-e-type=\"column\">\n\t\t\t<div class=\"elementor-widget-wrap elementor-element-populated\">\n\t\t\t\t\t\t<div class=\"elementor-element elementor-element-75aa35a elementor-widget elementor-widget-spacer\" data-id=\"75aa35a\" data-element_type=\"widget\" data-e-type=\"widget\" data-widget_type=\"spacer.default\">\n\t\t\t\t<div class=\"elementor-widget-container\">\n\t\t\t\t\t\t\t<div class=\"elementor-spacer\">\n\t\t\t<div class=\"elementor-spacer-inner\"><\/div>\n\t\t<\/div>\n\t\t\t\t\t\t<\/div>\n\t\t\t\t<\/div>\n\t\t\t\t<section class=\"elementor-section elementor-inner-section elementor-element elementor-element-dc2bcc7 elementor-section-content-middle elementor-section-boxed elementor-section-height-default elementor-section-height-default\" data-id=\"dc2bcc7\" data-element_type=\"section\" data-e-type=\"section\">\n\t\t\t\t\t\t<div class=\"elementor-container elementor-column-gap-default\">\n\t\t\t\t\t<div class=\"elementor-column elementor-col-66 elementor-inner-column elementor-element elementor-element-f09ff05\" data-id=\"f09ff05\" data-element_type=\"column\" data-e-type=\"column\">\n\t\t\t<div class=\"elementor-widget-wrap elementor-element-populated\">\n\t\t\t\t\t\t<div class=\"elementor-element elementor-element-e5ec6cd aleft elementor-widget elementor-widget-wgl-double-headings\" data-id=\"e5ec6cd\" data-element_type=\"widget\" data-e-type=\"widget\" data-widget_type=\"wgl-double-headings.default\">\n\t\t\t\t<div class=\"elementor-widget-container\">\n\t\t\t\t\t        <div class=\"wgl-double_heading\"><h3 class=\"dbl__title-wrapper\"><span class=\"dbl__title dbl-title_1\">Tying bonds of love<\/span><\/h3>        <\/div>\t\t\t\t<\/div>\n\t\t\t\t<\/div>\n\t\t\t\t\t<\/div>\n\t\t<\/div>\n\t\t\t\t<div class=\"elementor-column elementor-col-33 elementor-inner-column elementor-element elementor-element-10f8987\" data-id=\"10f8987\" data-element_type=\"column\" data-e-type=\"column\">\n\t\t\t<div class=\"elementor-widget-wrap elementor-element-populated\">\n\t\t\t\t\t\t<div class=\"elementor-element elementor-element-60247b7 aright a-mobilecenter elementor-widget-icon-box wgl-icon-box elementor-widget elementor-widget-wgl-button\" data-id=\"60247b7\" data-element_type=\"widget\" data-e-type=\"widget\" data-widget_type=\"wgl-button.default\">\n\t\t\t\t<div class=\"elementor-widget-container\">\n\t\t\t\t\t<div class=\"button-wrapper\"><a  class=\"wgl-button btn-size-sm\" role=\"button\" href=\"https:\/\/www.paypal.com\/donate\/?hosted_button_id=54MPX9V472SG4\" target=\"_blank\"><div class=\"button-content-wrapper align-icon-right\"><div class=\"media-wrapper icon-wrapper\"><span class=\"wgl-icon\" ><i class=\"icon elementor-icon flaticon flaticon-heart\" aria-hidden=\"true\"><\/i><\/span><\/div><span class=\"wgl-button-text\">I want to help<\/span><\/div><\/a><\/div>\t\t\t\t<\/div>\n\t\t\t\t<\/div>\n\t\t\t\t\t<\/div>\n\t\t<\/div>\n\t\t\t\t\t<\/div>\n\t\t<\/section>\n\t\t\t\t<div class=\"elementor-element elementor-element-5eb3b33 elementor-widget elementor-widget-spacer\" data-id=\"5eb3b33\" data-element_type=\"widget\" data-e-type=\"widget\" data-widget_type=\"spacer.default\">\n\t\t\t\t<div class=\"elementor-widget-container\">\n\t\t\t\t\t\t\t<div class=\"elementor-spacer\">\n\t\t\t<div class=\"elementor-spacer-inner\"><\/div>\n\t\t<\/div>\n\t\t\t\t\t\t<\/div>\n\t\t\t\t<\/div>\n\t\t\t\t<section class=\"elementor-section elementor-inner-section elementor-element elementor-element-f8ceb91 elementor-section-boxed elementor-section-height-default elementor-section-height-default\" data-id=\"f8ceb91\" data-element_type=\"section\" data-e-type=\"section\">\n\t\t\t\t\t\t<div class=\"elementor-container elementor-column-gap-default\">\n\t\t\t\t\t<div class=\"elementor-column elementor-col-50 elementor-inner-column elementor-element elementor-element-a4cb533\" data-id=\"a4cb533\" data-element_type=\"column\" data-e-type=\"column\">\n\t\t\t<div class=\"elementor-widget-wrap elementor-element-populated\">\n\t\t\t\t\t\t<div class=\"elementor-element elementor-element-2363aaf elementor-widget elementor-widget-text-editor\" data-id=\"2363aaf\" data-element_type=\"widget\" data-e-type=\"widget\" data-widget_type=\"text-editor.default\">\n\t\t\t\t<div class=\"elementor-widget-container\">\n\t\t\t\t\t\t\t\t\t<p>A gift box will always be an imminent emotion for both the one who gives it and the one who receives it, there will always be a \"something special\" when opening it and seeing how close there is between the people who give each other through the knowledge of your personality. A box containing a gift always marks a temporary pattern that signals some special event.<\/p><p>However, this is not always the case, since there are those who see in a gift box a possibility, very distant most of the time, of being surprised and feeling loved by their environment: family, social and cultural. There are many for whom a gift represents a dream without hope or possibility of coming true; They are those whose personal and family situation, economically and functionally, seems to distance them from a smile, an act of kindness or an act of solidarity from their environment.<\/p><p>The gift boxes \"<strong>Tying bonds of love<\/strong>\u201d they are small acts of love, collecting gifts for children and tweens through donors; They consider the power so great and high that it means to give and think of those who need our empathy and solidarity.<\/p><p>The gift boxes are designed by the donor who decides if the content is intended for a girl or boy from three to fourteen years of age and accordingly places gifts inside that can range from toys and school supplies to clothing. that allows a life in dignity and love.<\/p><p>Tu puedes ser un donante ya sea en dinero o en especie, contacta a trav\u00e9s del formulario o a trav\u00e9s de nuestras redes.<\/p>\t\t\t\t\t\t\t\t<\/div>\n\t\t\t\t<\/div>\n\t\t\t\t\t<\/div>\n\t\t<\/div>\n\t\t\t\t<div class=\"elementor-column elementor-col-50 elementor-inner-column elementor-element elementor-element-00c52e0\" data-id=\"00c52e0\" data-element_type=\"column\" data-e-type=\"column\">\n\t\t\t<div class=\"elementor-widget-wrap elementor-element-populated\">\n\t\t\t\t\t\t<div class=\"elementor-element elementor-element-c7a7567 elementor-widget elementor-widget-image\" data-id=\"c7a7567\" data-element_type=\"widget\" data-e-type=\"widget\" data-widget_type=\"image.default\">\n\t\t\t\t<div class=\"elementor-widget-container\">\n\t\t\t\t\t\t\t\t\t\t\t\t\t\t\t<img fetchpriority=\"high\" decoding=\"async\" width=\"709\" height=\"339\" src=\"https:\/\/permanecelamor.org.mx\/wp-content\/uploads\/2023\/02\/Atando-lazos-de-amor.png\" class=\"attachment-large size-large wp-image-8400\" alt=\"\" srcset=\"https:\/\/permanecelamor.org.mx\/wp-content\/uploads\/2023\/02\/Atando-lazos-de-amor.png 709w, https:\/\/permanecelamor.org.mx\/wp-content\/uploads\/2023\/02\/Atando-lazos-de-amor-300x143.png 300w\" sizes=\"(max-width: 709px) 100vw, 709px\" \/>\t\t\t\t\t\t\t\t\t\t\t\t\t\t\t<\/div>\n\t\t\t\t<\/div>\n\t\t\t\t<div class=\"elementor-element elementor-element-06adeab elementor-widget elementor-widget-image\" data-id=\"06adeab\" data-element_type=\"widget\" data-e-type=\"widget\" data-widget_type=\"image.default\">\n\t\t\t\t<div class=\"elementor-widget-container\">\n\t\t\t\t\t\t\t\t\t\t\t\t\t\t\t<img decoding=\"async\" width=\"768\" height=\"522\" src=\"https:\/\/permanecelamor.org.mx\/wp-content\/uploads\/2023\/02\/caja2-768x522.png\" class=\"attachment-medium_large size-medium_large wp-image-8401\" alt=\"\" srcset=\"https:\/\/permanecelamor.org.mx\/wp-content\/uploads\/2023\/02\/caja2-768x522.png 768w, https:\/\/permanecelamor.org.mx\/wp-content\/uploads\/2023\/02\/caja2-300x204.png 300w, https:\/\/permanecelamor.org.mx\/wp-content\/uploads\/2023\/02\/caja2.png 1000w\" sizes=\"(max-width: 768px) 100vw, 768px\" \/>\t\t\t\t\t\t\t\t\t\t\t\t\t\t\t<\/div>\n\t\t\t\t<\/div>\n\t\t\t\t\t<\/div>\n\t\t<\/div>\n\t\t\t\t\t<\/div>\n\t\t<\/section>\n\t\t\t\t<div class=\"elementor-element elementor-element-9b214ca elementor-widget elementor-widget-spacer\" data-id=\"9b214ca\" data-element_type=\"widget\" data-e-type=\"widget\" data-widget_type=\"spacer.default\">\n\t\t\t\t<div class=\"elementor-widget-container\">\n\t\t\t\t\t\t\t<div class=\"elementor-spacer\">\n\t\t\t<div class=\"elementor-spacer-inner\"><\/div>\n\t\t<\/div>\n\t\t\t\t\t\t<\/div>\n\t\t\t\t<\/div>\n\t\t\t\t\t<\/div>\n\t\t<\/div>\n\t\t\t\t\t<\/div>\n\t\t<\/section>\n\t\t\t\t<section class=\"elementor-section elementor-top-section elementor-element elementor-element-bf0d044 elementor-section-boxed elementor-section-height-default elementor-section-height-default\" data-id=\"bf0d044\" data-element_type=\"section\" data-e-type=\"section\" data-settings=\"{&quot;background_background&quot;:&quot;classic&quot;}\">\n\t\t\t\t\t\t\t<div class=\"elementor-background-overlay\"><\/div>\n\t\t\t\t\t\t\t<div class=\"elementor-container elementor-column-gap-default\">\n\t\t\t\t\t<div class=\"elementor-column elementor-col-100 elementor-top-column elementor-element elementor-element-6ee3b78\" data-id=\"6ee3b78\" data-element_type=\"column\" data-e-type=\"column\">\n\t\t\t<div class=\"elementor-widget-wrap elementor-element-populated\">\n\t\t\t\t\t\t<div class=\"elementor-element elementor-element-9935574 elementor-widget elementor-widget-spacer\" data-id=\"9935574\" data-element_type=\"widget\" data-e-type=\"widget\" data-widget_type=\"spacer.default\">\n\t\t\t\t<div class=\"elementor-widget-container\">\n\t\t\t\t\t\t\t<div class=\"elementor-spacer\">\n\t\t\t<div class=\"elementor-spacer-inner\"><\/div>\n\t\t<\/div>\n\t\t\t\t\t\t<\/div>\n\t\t\t\t<\/div>\n\t\t\t\t<section class=\"elementor-section elementor-inner-section elementor-element elementor-element-78cd3d1 elementor-section-content-middle elementor-section-boxed elementor-section-height-default elementor-section-height-default\" data-id=\"78cd3d1\" data-element_type=\"section\" data-e-type=\"section\">\n\t\t\t\t\t\t<div class=\"elementor-container elementor-column-gap-default\">\n\t\t\t\t\t<div class=\"elementor-column elementor-col-66 elementor-inner-column elementor-element elementor-element-e0d6120\" data-id=\"e0d6120\" data-element_type=\"column\" data-e-type=\"column\">\n\t\t\t<div class=\"elementor-widget-wrap elementor-element-populated\">\n\t\t\t\t\t\t<div class=\"elementor-element elementor-element-40b205b aleft elementor-widget elementor-widget-wgl-double-headings\" data-id=\"40b205b\" data-element_type=\"widget\" data-e-type=\"widget\" data-widget_type=\"wgl-double-headings.default\">\n\t\t\t\t<div class=\"elementor-widget-container\">\n\t\t\t\t\t        <div class=\"wgl-double_heading\">                <div class=\"dbl__subtitle\"><span>Many hands, one heart.  <\/span>                <\/div><h3 class=\"dbl__title-wrapper\"><span class=\"dbl__title dbl-title_1\">Network of community kitchens<\/span><\/h3>        <\/div>\t\t\t\t<\/div>\n\t\t\t\t<\/div>\n\t\t\t\t\t<\/div>\n\t\t<\/div>\n\t\t\t\t<div class=\"elementor-column elementor-col-33 elementor-inner-column elementor-element elementor-element-059d4d4\" data-id=\"059d4d4\" data-element_type=\"column\" data-e-type=\"column\">\n\t\t\t<div class=\"elementor-widget-wrap elementor-element-populated\">\n\t\t\t\t\t\t<div class=\"elementor-element elementor-element-08d9b49 aright a-mobilecenter elementor-widget-icon-box wgl-icon-box elementor-widget elementor-widget-wgl-button\" data-id=\"08d9b49\" data-element_type=\"widget\" data-e-type=\"widget\" data-widget_type=\"wgl-button.default\">\n\t\t\t\t<div class=\"elementor-widget-container\">\n\t\t\t\t\t<div class=\"button-wrapper\"><a  class=\"wgl-button btn-size-sm\" role=\"button\" href=\"https:\/\/www.paypal.com\/donate\/?hosted_button_id=54MPX9V472SG4\" target=\"_blank\"><div class=\"button-content-wrapper align-icon-right\"><div class=\"media-wrapper icon-wrapper\"><span class=\"wgl-icon\" ><i class=\"icon elementor-icon flaticon flaticon-heart\" aria-hidden=\"true\"><\/i><\/span><\/div><span class=\"wgl-button-text\">I want to help<\/span><\/div><\/a><\/div>\t\t\t\t<\/div>\n\t\t\t\t<\/div>\n\t\t\t\t\t<\/div>\n\t\t<\/div>\n\t\t\t\t\t<\/div>\n\t\t<\/section>\n\t\t\t\t<div class=\"elementor-element elementor-element-e0a8c1d elementor-widget elementor-widget-spacer\" data-id=\"e0a8c1d\" data-element_type=\"widget\" data-e-type=\"widget\" data-widget_type=\"spacer.default\">\n\t\t\t\t<div class=\"elementor-widget-container\">\n\t\t\t\t\t\t\t<div class=\"elementor-spacer\">\n\t\t\t<div class=\"elementor-spacer-inner\"><\/div>\n\t\t<\/div>\n\t\t\t\t\t\t<\/div>\n\t\t\t\t<\/div>\n\t\t\t\t<section class=\"elementor-section elementor-inner-section elementor-element elementor-element-6861a90 elementor-section-boxed elementor-section-height-default elementor-section-height-default\" data-id=\"6861a90\" data-element_type=\"section\" data-e-type=\"section\">\n\t\t\t\t\t\t<div class=\"elementor-container elementor-column-gap-default\">\n\t\t\t\t\t<div class=\"elementor-column elementor-col-50 elementor-inner-column elementor-element elementor-element-e729082\" data-id=\"e729082\" data-element_type=\"column\" data-e-type=\"column\">\n\t\t\t<div class=\"elementor-widget-wrap elementor-element-populated\">\n\t\t\t\t\t\t<div class=\"elementor-element elementor-element-287e215 elementor-widget elementor-widget-image\" data-id=\"287e215\" data-element_type=\"widget\" data-e-type=\"widget\" data-widget_type=\"image.default\">\n\t\t\t\t<div class=\"elementor-widget-container\">\n\t\t\t\t\t\t\t\t\t\t\t\t\t\t\t<img decoding=\"async\" width=\"768\" height=\"1024\" src=\"https:\/\/permanecelamor.org.mx\/wp-content\/uploads\/2023\/04\/WhatsApp-Image-2023-04-27-at-23.35.06.jpeg\" class=\"attachment-large size-large wp-image-8580\" alt=\"\" srcset=\"https:\/\/permanecelamor.org.mx\/wp-content\/uploads\/2023\/04\/WhatsApp-Image-2023-04-27-at-23.35.06.jpeg 768w, https:\/\/permanecelamor.org.mx\/wp-content\/uploads\/2023\/04\/WhatsApp-Image-2023-04-27-at-23.35.06-225x300.jpeg 225w, https:\/\/permanecelamor.org.mx\/wp-content\/uploads\/2023\/04\/WhatsApp-Image-2023-04-27-at-23.35.06-9x12.jpeg 9w\" sizes=\"(max-width: 768px) 100vw, 768px\" \/>\t\t\t\t\t\t\t\t\t\t\t\t\t\t\t<\/div>\n\t\t\t\t<\/div>\n\t\t\t\t\t<\/div>\n\t\t<\/div>\n\t\t\t\t<div class=\"elementor-column elementor-col-50 elementor-inner-column elementor-element elementor-element-910a263\" data-id=\"910a263\" data-element_type=\"column\" data-e-type=\"column\">\n\t\t\t<div class=\"elementor-widget-wrap elementor-element-populated\">\n\t\t\t\t\t\t<div class=\"elementor-element elementor-element-d69a03f elementor-widget elementor-widget-image\" data-id=\"d69a03f\" data-element_type=\"widget\" data-e-type=\"widget\" data-widget_type=\"image.default\">\n\t\t\t\t<div class=\"elementor-widget-container\">\n\t\t\t\t\t\t\t\t\t\t\t\t\t\t\t<img loading=\"lazy\" decoding=\"async\" width=\"1024\" height=\"813\" src=\"https:\/\/permanecelamor.org.mx\/wp-content\/uploads\/2023\/02\/Muchas-manos-un-corazon-1024x813.png\" class=\"attachment-large size-large wp-image-8443\" alt=\"\" srcset=\"https:\/\/permanecelamor.org.mx\/wp-content\/uploads\/2023\/02\/Muchas-manos-un-corazon-1024x813.png 1024w, https:\/\/permanecelamor.org.mx\/wp-content\/uploads\/2023\/02\/Muchas-manos-un-corazon-300x238.png 300w, https:\/\/permanecelamor.org.mx\/wp-content\/uploads\/2023\/02\/Muchas-manos-un-corazon-768x610.png 768w, https:\/\/permanecelamor.org.mx\/wp-content\/uploads\/2023\/02\/Muchas-manos-un-corazon.png 1082w\" sizes=\"(max-width: 1024px) 100vw, 1024px\" \/>\t\t\t\t\t\t\t\t\t\t\t\t\t\t\t<\/div>\n\t\t\t\t<\/div>\n\t\t\t\t<div class=\"elementor-element elementor-element-63f9bd3 elementor-widget elementor-widget-text-editor\" data-id=\"63f9bd3\" data-element_type=\"widget\" data-e-type=\"widget\" data-widget_type=\"text-editor.default\">\n\t\t\t\t<div class=\"elementor-widget-container\">\n\t\t\t\t\t\t\t\t\t<p>Homelessness, abuse, dysfunctional families, lack of employment; There are many factors that can lead to someone not having adequate food and decent conditions.<\/p><p><strong>Many hands, one heart.<\/strong> seeks through a decent space, access to food for free, to everyone who needs it or requires it, delivering quality food rations and hygiene, its goal is to provide solutions not only in terms of food, but psychosocial integration and emotional to help people who are in a situation of vulnerability.<\/p><p>If you want to support this program, you can donate online or join our volunteer service to help with chores in the dining room.<\/p>\t\t\t\t\t\t\t\t<\/div>\n\t\t\t\t<\/div>\n\t\t\t\t\t<\/div>\n\t\t<\/div>\n\t\t\t\t\t<\/div>\n\t\t<\/section>\n\t\t\t\t<div class=\"elementor-element elementor-element-3898bdc elementor-widget elementor-widget-spacer\" data-id=\"3898bdc\" data-element_type=\"widget\" data-e-type=\"widget\" data-widget_type=\"spacer.default\">\n\t\t\t\t<div class=\"elementor-widget-container\">\n\t\t\t\t\t\t\t<div class=\"elementor-spacer\">\n\t\t\t<div class=\"elementor-spacer-inner\"><\/div>\n\t\t<\/div>\n\t\t\t\t\t\t<\/div>\n\t\t\t\t<\/div>\n\t\t\t\t\t<\/div>\n\t\t<\/div>\n\t\t\t\t\t<\/div>\n\t\t<\/section>\n\t\t\t\t<section class=\"elementor-section elementor-top-section elementor-element elementor-element-dfa4dc7 elementor-section-boxed elementor-section-height-default elementor-section-height-default\" data-id=\"dfa4dc7\" data-element_type=\"section\" data-e-type=\"section\" data-settings=\"{&quot;background_background&quot;:&quot;classic&quot;}\">\n\t\t\t\t\t\t<div class=\"elementor-container elementor-column-gap-default\">\n\t\t\t\t\t<div class=\"elementor-column elementor-col-50 elementor-top-column elementor-element elementor-element-e73f053\" data-id=\"e73f053\" data-element_type=\"column\" data-e-type=\"column\">\n\t\t\t<div class=\"elementor-widget-wrap elementor-element-populated\">\n\t\t\t\t\t\t<div class=\"elementor-element elementor-element-7be9cf4 aleft elementor-widget elementor-widget-wgl-double-headings\" data-id=\"7be9cf4\" data-element_type=\"widget\" data-e-type=\"widget\" data-widget_type=\"wgl-double-headings.default\">\n\t\t\t\t<div class=\"elementor-widget-container\">\n\t\t\t\t\t        <div class=\"wgl-double_heading\">                <div class=\"dbl__subtitle\"><span>ORGANIZATION<\/span>                <\/div><h3 class=\"dbl__title-wrapper\"><span class=\"dbl__title dbl-title_1\">PERMANECE EL AMOR ICD A. C.<\/span><\/h3>        <\/div>\t\t\t\t<\/div>\n\t\t\t\t<\/div>\n\t\t\t\t<div class=\"elementor-element elementor-element-fa46d28 elementor-widget elementor-widget-text-editor\" data-id=\"fa46d28\" data-element_type=\"widget\" data-e-type=\"widget\" data-widget_type=\"text-editor.default\">\n\t\t\t\t<div class=\"elementor-widget-container\">\n\t\t\t\t\t\t\t\t\t<p>Many hands, one heart, is a proposal for the life of those who, being in a situation of economic difficulty, have problems having decent food, a proposal for a community kitchen that seeks to link the health needs for food of vulnerable sectors with a emotional and psychological help that helps to generate self-esteem and appreciation of the person. It also seeks to establish or restore family ties when this is necessary through a coexistence that begins with food. In this way, the Red de Comedores that we intend to establish is not only a place to eat physically, but emotional, familiar and with the spirit of sowing improvement in the living conditions of those who need it.<\/p>\t\t\t\t\t\t\t\t<\/div>\n\t\t\t\t<\/div>\n\t\t\t\t\t<\/div>\n\t\t<\/div>\n\t\t\t\t<div class=\"elementor-column elementor-col-50 elementor-top-column elementor-element elementor-element-467baef\" data-id=\"467baef\" data-element_type=\"column\" data-e-type=\"column\">\n\t\t\t<div class=\"elementor-widget-wrap elementor-element-populated\">\n\t\t\t\t\t\t<div class=\"elementor-element elementor-element-2264145 aleft elementor-widget elementor-widget-wgl-pricing-table\" data-id=\"2264145\" data-element_type=\"widget\" data-e-type=\"widget\" data-widget_type=\"wgl-pricing-table.default\">\n\t\t\t\t<div class=\"elementor-widget-container\">\n\t\t\t\t\t        <div class=\"wgl-pricing_plan\">\n            <div class=\"pricing_plan_wrap\">\n                                <div class=\"pricing_header\">\n                    <div class=\"pricing_title_wrapper\"><h4 class=\"pricing_title\">HOW MUCH DO YOU WANT TO DONATE?<\/h4><\/div><div class=\"pricing_sub_title_wrapper\"><span class=\"pricing_sub_title\">The amounts are expressed in Mexican Pesos (MXN $)<\/span><\/div>                    <div class=\"pricing_price_wrap\">\n\t                    <span class=\"pricing_currency\">$<\/span><div class=\"pricing_price\">300<\/div><span class=\"pricing_period\">Monthly \/ One time<\/span>                    <\/div>\n                <\/div>\n                <div class=\"pricing_content\">\n                    <p style=\"text-align: center;\">Social assistance in food, clothing and emotional and psychological help. Sports, cultural and family integration<\/p>                <\/div>\n                <div class=\"pricing_footer\">\n\t                <div class=\"button-wrapper\"><a  class=\"wgl-button btn-size-lg\" role=\"button\" href=\"https:\/\/www.paypal.com\/donate\/?hosted_button_id=54MPX9V472SG4\" target=\"_blank\"><div class=\"button-content-wrapper\"><span class=\"wgl-button-text\">DONATE NOW<\/span><\/div><\/a><\/div>                <\/div>\n            <\/div>\n        <\/div>\t\t\t\t<\/div>\n\t\t\t\t<\/div>\n\t\t\t\t\t<\/div>\n\t\t<\/div>\n\t\t\t\t\t<\/div>\n\t\t<\/section>\n\t\t\t\t<\/div>","protected":false},"excerpt":{"rendered":"<p>Atando lazos de amor. Quier Ayudar Una caja de regalo siempre ser\u00e1 una emoci\u00f3n inminente tanta para el que la obsequia como para el que la recibe, siempre habr\u00e1 un \u201calgo especial\u201d al momento de abrirla y ver que tanta cercan\u00eda existe entre las personas que se regalan a trav\u00e9s del conocimiento de su personalidad. [&hellip;]<\/p>","protected":false},"author":1,"featured_media":0,"parent":0,"menu_order":0,"comment_status":"closed","ping_status":"closed","template":"","meta":{"give_campaign_id":0,"_joinchat":[],"footnotes":""},"class_list":["post-837","page","type-page","status-publish","hentry"],"campaignId":"","_links":{"self":[{"href":"http:\/\/permanecelamor.org.mx\/en\/wp-json\/wp\/v2\/pages\/837","targetHints":{"allow":["GET"]}}],"collection":[{"href":"http:\/\/permanecelamor.org.mx\/en\/wp-json\/wp\/v2\/pages"}],"about":[{"href":"http:\/\/permanecelamor.org.mx\/en\/wp-json\/wp\/v2\/types\/page"}],"author":[{"embeddable":true,"href":"http:\/\/permanecelamor.org.mx\/en\/wp-json\/wp\/v2\/users\/1"}],"replies":[{"embeddable":true,"href":"http:\/\/permanecelamor.org.mx\/en\/wp-json\/wp\/v2\/comments?post=837"}],"version-history":[{"count":20,"href":"http:\/\/permanecelamor.org.mx\/en\/wp-json\/wp\/v2\/pages\/837\/revisions"}],"predecessor-version":[{"id":8583,"href":"http:\/\/permanecelamor.org.mx\/en\/wp-json\/wp\/v2\/pages\/837\/revisions\/8583"}],"wp:attachment":[{"href":"http:\/\/permanecelamor.org.mx\/en\/wp-json\/wp\/v2\/media?parent=837"}],"curies":[{"name":"wp","href":"https:\/\/api.w.org\/{rel}","templated":true}]}}