{"id":837,"date":"2020-08-28T13:47:07","date_gmt":"2020-08-28T13:47:07","guid":{"rendered":"https:\/\/bighearts.wgl-demo.net\/?page_id=837"},"modified":"2023-04-28T17:23:51","modified_gmt":"2023-04-28T17:23:51","slug":"programas-sociales","status":"publish","type":"page","link":"http:\/\/permanecelamor.org.mx\/mx\/programas-sociales\/","title":{"rendered":"Programas Sociales"},"content":{"rendered":"\t\t<div data-elementor-type=\"wp-page\" data-elementor-id=\"837\" class=\"elementor elementor-837\" data-elementor-post-type=\"page\">\n\t\t\t\t\t\t<section class=\"elementor-section elementor-top-section elementor-element elementor-element-e26cb38 elementor-section-boxed elementor-section-height-default elementor-section-height-default\" data-id=\"e26cb38\" data-element_type=\"section\" data-e-type=\"section\" data-settings=\"{&quot;background_background&quot;:&quot;classic&quot;}\">\n\t\t\t\t\t\t\t<div class=\"elementor-background-overlay\"><\/div>\n\t\t\t\t\t\t\t<div class=\"elementor-container elementor-column-gap-default\">\n\t\t\t\t\t<div class=\"elementor-column elementor-col-100 elementor-top-column elementor-element elementor-element-0281c4a\" data-id=\"0281c4a\" data-element_type=\"column\" data-e-type=\"column\">\n\t\t\t<div class=\"elementor-widget-wrap elementor-element-populated\">\n\t\t\t\t\t\t<div class=\"elementor-element elementor-element-75aa35a elementor-widget elementor-widget-spacer\" data-id=\"75aa35a\" data-element_type=\"widget\" data-e-type=\"widget\" data-widget_type=\"spacer.default\">\n\t\t\t\t<div class=\"elementor-widget-container\">\n\t\t\t\t\t\t\t<div class=\"elementor-spacer\">\n\t\t\t<div class=\"elementor-spacer-inner\"><\/div>\n\t\t<\/div>\n\t\t\t\t\t\t<\/div>\n\t\t\t\t<\/div>\n\t\t\t\t<section class=\"elementor-section elementor-inner-section elementor-element elementor-element-dc2bcc7 elementor-section-content-middle elementor-section-boxed elementor-section-height-default elementor-section-height-default\" data-id=\"dc2bcc7\" data-element_type=\"section\" data-e-type=\"section\">\n\t\t\t\t\t\t<div class=\"elementor-container elementor-column-gap-default\">\n\t\t\t\t\t<div class=\"elementor-column elementor-col-66 elementor-inner-column elementor-element elementor-element-f09ff05\" data-id=\"f09ff05\" data-element_type=\"column\" data-e-type=\"column\">\n\t\t\t<div class=\"elementor-widget-wrap elementor-element-populated\">\n\t\t\t\t\t\t<div class=\"elementor-element elementor-element-e5ec6cd aleft elementor-widget elementor-widget-wgl-double-headings\" data-id=\"e5ec6cd\" data-element_type=\"widget\" data-e-type=\"widget\" data-widget_type=\"wgl-double-headings.default\">\n\t\t\t\t<div class=\"elementor-widget-container\">\n\t\t\t\t\t        <div class=\"wgl-double_heading\"><h3 class=\"dbl__title-wrapper\"><span class=\"dbl__title dbl-title_1\">Atando lazos de amor.<\/span><\/h3>        <\/div>\t\t\t\t<\/div>\n\t\t\t\t<\/div>\n\t\t\t\t\t<\/div>\n\t\t<\/div>\n\t\t\t\t<div class=\"elementor-column elementor-col-33 elementor-inner-column elementor-element elementor-element-10f8987\" data-id=\"10f8987\" data-element_type=\"column\" data-e-type=\"column\">\n\t\t\t<div class=\"elementor-widget-wrap elementor-element-populated\">\n\t\t\t\t\t\t<div class=\"elementor-element elementor-element-60247b7 aright a-mobilecenter elementor-widget-icon-box wgl-icon-box elementor-widget elementor-widget-wgl-button\" data-id=\"60247b7\" data-element_type=\"widget\" data-e-type=\"widget\" data-widget_type=\"wgl-button.default\">\n\t\t\t\t<div class=\"elementor-widget-container\">\n\t\t\t\t\t<div class=\"button-wrapper\"><a  class=\"wgl-button btn-size-sm \" role=\"button\" href=\"https:\/\/www.paypal.com\/donate\/?hosted_button_id=54MPX9V472SG4\" target=\"_blank\"><div class=\"button-content-wrapper align-icon-right\"><div class=\"media-wrapper icon-wrapper\"><span class=\"wgl-icon\" ><i class=\"icon elementor-icon flaticon flaticon-heart\" aria-hidden=\"true\"><\/i><\/span><\/div><span class=\"wgl-button-text\">Quier Ayudar<\/span><\/div><\/a><\/div>\t\t\t\t<\/div>\n\t\t\t\t<\/div>\n\t\t\t\t\t<\/div>\n\t\t<\/div>\n\t\t\t\t\t<\/div>\n\t\t<\/section>\n\t\t\t\t<div class=\"elementor-element elementor-element-5eb3b33 elementor-widget elementor-widget-spacer\" data-id=\"5eb3b33\" data-element_type=\"widget\" data-e-type=\"widget\" data-widget_type=\"spacer.default\">\n\t\t\t\t<div class=\"elementor-widget-container\">\n\t\t\t\t\t\t\t<div class=\"elementor-spacer\">\n\t\t\t<div class=\"elementor-spacer-inner\"><\/div>\n\t\t<\/div>\n\t\t\t\t\t\t<\/div>\n\t\t\t\t<\/div>\n\t\t\t\t<section class=\"elementor-section elementor-inner-section elementor-element elementor-element-f8ceb91 elementor-section-boxed elementor-section-height-default elementor-section-height-default\" data-id=\"f8ceb91\" data-element_type=\"section\" data-e-type=\"section\">\n\t\t\t\t\t\t<div class=\"elementor-container elementor-column-gap-default\">\n\t\t\t\t\t<div class=\"elementor-column elementor-col-50 elementor-inner-column elementor-element elementor-element-a4cb533\" data-id=\"a4cb533\" data-element_type=\"column\" data-e-type=\"column\">\n\t\t\t<div class=\"elementor-widget-wrap elementor-element-populated\">\n\t\t\t\t\t\t<div class=\"elementor-element elementor-element-2363aaf elementor-widget elementor-widget-text-editor\" data-id=\"2363aaf\" data-element_type=\"widget\" data-e-type=\"widget\" data-widget_type=\"text-editor.default\">\n\t\t\t\t<div class=\"elementor-widget-container\">\n\t\t\t\t\t\t\t\t\t<p>Una caja de regalo siempre ser\u00e1 una emoci\u00f3n inminente tanta para el que la obsequia como para el que la recibe, siempre habr\u00e1 un \u201calgo especial\u201d al momento de abrirla y ver que tanta cercan\u00eda existe entre las personas que se regalan a trav\u00e9s del conocimiento de su personalidad. Una caja conteniendo un regalo siempre marca una pauta temporal que se\u00f1ala alg\u00fan acontecimiento especial.<\/p><p>Sin embargo, no siempre es as\u00ed, ya que hay quienes ven en una caja de regalo una posibilidad, muy lejana la mayor\u00eda de las veces, de ser sorprendidos y sentirse amados por su entorno: familiar, social y cultural. Hay muchos para los cuales un regalo representa un sue\u00f1o sin esperanzas ni posibilidades de cumplirse; son aquellos cuya situaci\u00f3n personal y familiar, en lo econ\u00f3mico y funcional parece alejarlos de una sonrisa, un acto de amabilidad o un acto de solidaridad de su medio.<\/p><p>Las cajas de regalo \u201c<strong>Atando lazos de amor<\/strong>\u201d son peque\u00f1os actos de amor, recabando a trav\u00e9s de donantes obsequios para ni\u00f1os y preadolescentes; consideran el poder tan grande y alto que significa el dar y pensar en aquellos que necesitan de nuestra empat\u00eda y solidaridad.<\/p><p>Las cajas de regalo son pensadas por el donante que decide si el contenido va dirigido a una ni\u00f1a o ni\u00f1o a partir de los tres y hasta los catorce a\u00f1os y en funci\u00f3n de ello coloca dentro regalos que pueden ir desde juguetes y \u00fatiles escolares, hasta ropa que permita una vida en dignidad y amor.<\/p><p>Tu puedes ser un donante ya sea en dinero o en especie, contacta a trav\u00e9s del formulario o a trav\u00e9s de nuestras redes.<\/p>\t\t\t\t\t\t\t\t<\/div>\n\t\t\t\t<\/div>\n\t\t\t\t\t<\/div>\n\t\t<\/div>\n\t\t\t\t<div class=\"elementor-column elementor-col-50 elementor-inner-column elementor-element elementor-element-00c52e0\" data-id=\"00c52e0\" data-element_type=\"column\" data-e-type=\"column\">\n\t\t\t<div class=\"elementor-widget-wrap elementor-element-populated\">\n\t\t\t\t\t\t<div class=\"elementor-element elementor-element-c7a7567 elementor-widget elementor-widget-image\" data-id=\"c7a7567\" data-element_type=\"widget\" data-e-type=\"widget\" data-widget_type=\"image.default\">\n\t\t\t\t<div class=\"elementor-widget-container\">\n\t\t\t\t\t\t\t\t\t\t\t\t\t\t\t<img fetchpriority=\"high\" decoding=\"async\" width=\"709\" height=\"339\" src=\"https:\/\/permanecelamor.org.mx\/wp-content\/uploads\/2023\/02\/Atando-lazos-de-amor.png\" class=\"attachment-large size-large wp-image-8400\" alt=\"\" srcset=\"https:\/\/permanecelamor.org.mx\/wp-content\/uploads\/2023\/02\/Atando-lazos-de-amor.png 709w, https:\/\/permanecelamor.org.mx\/wp-content\/uploads\/2023\/02\/Atando-lazos-de-amor-300x143.png 300w\" sizes=\"(max-width: 709px) 100vw, 709px\" \/>\t\t\t\t\t\t\t\t\t\t\t\t\t\t\t<\/div>\n\t\t\t\t<\/div>\n\t\t\t\t<div class=\"elementor-element elementor-element-06adeab elementor-widget elementor-widget-image\" data-id=\"06adeab\" data-element_type=\"widget\" data-e-type=\"widget\" data-widget_type=\"image.default\">\n\t\t\t\t<div class=\"elementor-widget-container\">\n\t\t\t\t\t\t\t\t\t\t\t\t\t\t\t<img decoding=\"async\" width=\"768\" height=\"522\" src=\"https:\/\/permanecelamor.org.mx\/wp-content\/uploads\/2023\/02\/caja2-768x522.png\" class=\"attachment-medium_large size-medium_large wp-image-8401\" alt=\"\" srcset=\"https:\/\/permanecelamor.org.mx\/wp-content\/uploads\/2023\/02\/caja2-768x522.png 768w, https:\/\/permanecelamor.org.mx\/wp-content\/uploads\/2023\/02\/caja2-300x204.png 300w, https:\/\/permanecelamor.org.mx\/wp-content\/uploads\/2023\/02\/caja2.png 1000w\" sizes=\"(max-width: 768px) 100vw, 768px\" \/>\t\t\t\t\t\t\t\t\t\t\t\t\t\t\t<\/div>\n\t\t\t\t<\/div>\n\t\t\t\t\t<\/div>\n\t\t<\/div>\n\t\t\t\t\t<\/div>\n\t\t<\/section>\n\t\t\t\t<div class=\"elementor-element elementor-element-9b214ca elementor-widget elementor-widget-spacer\" data-id=\"9b214ca\" data-element_type=\"widget\" data-e-type=\"widget\" data-widget_type=\"spacer.default\">\n\t\t\t\t<div class=\"elementor-widget-container\">\n\t\t\t\t\t\t\t<div class=\"elementor-spacer\">\n\t\t\t<div class=\"elementor-spacer-inner\"><\/div>\n\t\t<\/div>\n\t\t\t\t\t\t<\/div>\n\t\t\t\t<\/div>\n\t\t\t\t\t<\/div>\n\t\t<\/div>\n\t\t\t\t\t<\/div>\n\t\t<\/section>\n\t\t\t\t<section class=\"elementor-section elementor-top-section elementor-element elementor-element-bf0d044 elementor-section-boxed elementor-section-height-default elementor-section-height-default\" data-id=\"bf0d044\" data-element_type=\"section\" data-e-type=\"section\" data-settings=\"{&quot;background_background&quot;:&quot;classic&quot;}\">\n\t\t\t\t\t\t\t<div class=\"elementor-background-overlay\"><\/div>\n\t\t\t\t\t\t\t<div class=\"elementor-container elementor-column-gap-default\">\n\t\t\t\t\t<div class=\"elementor-column elementor-col-100 elementor-top-column elementor-element elementor-element-6ee3b78\" data-id=\"6ee3b78\" data-element_type=\"column\" data-e-type=\"column\">\n\t\t\t<div class=\"elementor-widget-wrap elementor-element-populated\">\n\t\t\t\t\t\t<div class=\"elementor-element elementor-element-9935574 elementor-widget elementor-widget-spacer\" data-id=\"9935574\" data-element_type=\"widget\" data-e-type=\"widget\" data-widget_type=\"spacer.default\">\n\t\t\t\t<div class=\"elementor-widget-container\">\n\t\t\t\t\t\t\t<div class=\"elementor-spacer\">\n\t\t\t<div class=\"elementor-spacer-inner\"><\/div>\n\t\t<\/div>\n\t\t\t\t\t\t<\/div>\n\t\t\t\t<\/div>\n\t\t\t\t<section class=\"elementor-section elementor-inner-section elementor-element elementor-element-78cd3d1 elementor-section-content-middle elementor-section-boxed elementor-section-height-default elementor-section-height-default\" data-id=\"78cd3d1\" data-element_type=\"section\" data-e-type=\"section\">\n\t\t\t\t\t\t<div class=\"elementor-container elementor-column-gap-default\">\n\t\t\t\t\t<div class=\"elementor-column elementor-col-66 elementor-inner-column elementor-element elementor-element-e0d6120\" data-id=\"e0d6120\" data-element_type=\"column\" data-e-type=\"column\">\n\t\t\t<div class=\"elementor-widget-wrap elementor-element-populated\">\n\t\t\t\t\t\t<div class=\"elementor-element elementor-element-40b205b aleft elementor-widget elementor-widget-wgl-double-headings\" data-id=\"40b205b\" data-element_type=\"widget\" data-e-type=\"widget\" data-widget_type=\"wgl-double-headings.default\">\n\t\t\t\t<div class=\"elementor-widget-container\">\n\t\t\t\t\t        <div class=\"wgl-double_heading\">                <div class=\"dbl__subtitle\"><span>Muchas manos, un coraz\u00f3n.  <\/span>                <\/div><h3 class=\"dbl__title-wrapper\"><span class=\"dbl__title dbl-title_1\">Red de comedores comunitarios<\/span><\/h3>        <\/div>\t\t\t\t<\/div>\n\t\t\t\t<\/div>\n\t\t\t\t\t<\/div>\n\t\t<\/div>\n\t\t\t\t<div class=\"elementor-column elementor-col-33 elementor-inner-column elementor-element elementor-element-059d4d4\" data-id=\"059d4d4\" data-element_type=\"column\" data-e-type=\"column\">\n\t\t\t<div class=\"elementor-widget-wrap elementor-element-populated\">\n\t\t\t\t\t\t<div class=\"elementor-element elementor-element-08d9b49 aright a-mobilecenter elementor-widget-icon-box wgl-icon-box elementor-widget elementor-widget-wgl-button\" data-id=\"08d9b49\" data-element_type=\"widget\" data-e-type=\"widget\" data-widget_type=\"wgl-button.default\">\n\t\t\t\t<div class=\"elementor-widget-container\">\n\t\t\t\t\t<div class=\"button-wrapper\"><a  class=\"wgl-button btn-size-sm \" role=\"button\" href=\"https:\/\/www.paypal.com\/donate\/?hosted_button_id=54MPX9V472SG4\" target=\"_blank\"><div class=\"button-content-wrapper align-icon-right\"><div class=\"media-wrapper icon-wrapper\"><span class=\"wgl-icon\" ><i class=\"icon elementor-icon flaticon flaticon-heart\" aria-hidden=\"true\"><\/i><\/span><\/div><span class=\"wgl-button-text\">Quier Ayudar<\/span><\/div><\/a><\/div>\t\t\t\t<\/div>\n\t\t\t\t<\/div>\n\t\t\t\t\t<\/div>\n\t\t<\/div>\n\t\t\t\t\t<\/div>\n\t\t<\/section>\n\t\t\t\t<div class=\"elementor-element elementor-element-e0a8c1d elementor-widget elementor-widget-spacer\" data-id=\"e0a8c1d\" data-element_type=\"widget\" data-e-type=\"widget\" data-widget_type=\"spacer.default\">\n\t\t\t\t<div class=\"elementor-widget-container\">\n\t\t\t\t\t\t\t<div class=\"elementor-spacer\">\n\t\t\t<div class=\"elementor-spacer-inner\"><\/div>\n\t\t<\/div>\n\t\t\t\t\t\t<\/div>\n\t\t\t\t<\/div>\n\t\t\t\t<section class=\"elementor-section elementor-inner-section elementor-element elementor-element-6861a90 elementor-section-boxed elementor-section-height-default elementor-section-height-default\" data-id=\"6861a90\" data-element_type=\"section\" data-e-type=\"section\">\n\t\t\t\t\t\t<div class=\"elementor-container elementor-column-gap-default\">\n\t\t\t\t\t<div class=\"elementor-column elementor-col-50 elementor-inner-column elementor-element elementor-element-e729082\" data-id=\"e729082\" data-element_type=\"column\" data-e-type=\"column\">\n\t\t\t<div class=\"elementor-widget-wrap elementor-element-populated\">\n\t\t\t\t\t\t<div class=\"elementor-element elementor-element-287e215 elementor-widget elementor-widget-image\" data-id=\"287e215\" data-element_type=\"widget\" data-e-type=\"widget\" data-widget_type=\"image.default\">\n\t\t\t\t<div class=\"elementor-widget-container\">\n\t\t\t\t\t\t\t\t\t\t\t\t\t\t\t<img decoding=\"async\" width=\"768\" height=\"1024\" src=\"https:\/\/permanecelamor.org.mx\/wp-content\/uploads\/2023\/04\/WhatsApp-Image-2023-04-27-at-23.35.06.jpeg\" class=\"attachment-large size-large wp-image-8580\" alt=\"\" srcset=\"https:\/\/permanecelamor.org.mx\/wp-content\/uploads\/2023\/04\/WhatsApp-Image-2023-04-27-at-23.35.06.jpeg 768w, https:\/\/permanecelamor.org.mx\/wp-content\/uploads\/2023\/04\/WhatsApp-Image-2023-04-27-at-23.35.06-225x300.jpeg 225w, https:\/\/permanecelamor.org.mx\/wp-content\/uploads\/2023\/04\/WhatsApp-Image-2023-04-27-at-23.35.06-9x12.jpeg 9w\" sizes=\"(max-width: 768px) 100vw, 768px\" \/>\t\t\t\t\t\t\t\t\t\t\t\t\t\t\t<\/div>\n\t\t\t\t<\/div>\n\t\t\t\t\t<\/div>\n\t\t<\/div>\n\t\t\t\t<div class=\"elementor-column elementor-col-50 elementor-inner-column elementor-element elementor-element-910a263\" data-id=\"910a263\" data-element_type=\"column\" data-e-type=\"column\">\n\t\t\t<div class=\"elementor-widget-wrap elementor-element-populated\">\n\t\t\t\t\t\t<div class=\"elementor-element elementor-element-d69a03f elementor-widget elementor-widget-image\" data-id=\"d69a03f\" data-element_type=\"widget\" data-e-type=\"widget\" data-widget_type=\"image.default\">\n\t\t\t\t<div class=\"elementor-widget-container\">\n\t\t\t\t\t\t\t\t\t\t\t\t\t\t\t<img loading=\"lazy\" decoding=\"async\" width=\"1024\" height=\"813\" src=\"https:\/\/permanecelamor.org.mx\/wp-content\/uploads\/2023\/02\/Muchas-manos-un-corazon-1024x813.png\" class=\"attachment-large size-large wp-image-8443\" alt=\"\" srcset=\"https:\/\/permanecelamor.org.mx\/wp-content\/uploads\/2023\/02\/Muchas-manos-un-corazon-1024x813.png 1024w, https:\/\/permanecelamor.org.mx\/wp-content\/uploads\/2023\/02\/Muchas-manos-un-corazon-300x238.png 300w, https:\/\/permanecelamor.org.mx\/wp-content\/uploads\/2023\/02\/Muchas-manos-un-corazon-768x610.png 768w, https:\/\/permanecelamor.org.mx\/wp-content\/uploads\/2023\/02\/Muchas-manos-un-corazon.png 1082w\" sizes=\"(max-width: 1024px) 100vw, 1024px\" \/>\t\t\t\t\t\t\t\t\t\t\t\t\t\t\t<\/div>\n\t\t\t\t<\/div>\n\t\t\t\t<div class=\"elementor-element elementor-element-63f9bd3 elementor-widget elementor-widget-text-editor\" data-id=\"63f9bd3\" data-element_type=\"widget\" data-e-type=\"widget\" data-widget_type=\"text-editor.default\">\n\t\t\t\t<div class=\"elementor-widget-container\">\n\t\t\t\t\t\t\t\t\t<p>Situaci\u00f3n de calle, abuso, familias disfuncionales, falta de empleo; muchos son los factores que pueden llevar a que alguien no cuente con alimento en forma y condiciones dignas.<\/p><p><strong>Muchas manos, un coraz\u00f3n<\/strong> busca a trav\u00e9s de un espacio digno, el acceso al alimento de forma gratuita, a todo aquel que lo necesite o lo requiera, entregando raciones alimentarias de calidad e higiene, su meta es otorgar soluciones en materia no solo de alimentaci\u00f3n, sino de integraci\u00f3n psicosocial y emocional para ayudar a las personas que se encuentran en alguna situaci\u00f3n de vulnerabilidad.<\/p><p>Si quieres apoyar este programa, puedes donar v\u00eda internet o bien sumarte a nuestro voluntariado para apoyar en las tareas del comedor.<\/p>\t\t\t\t\t\t\t\t<\/div>\n\t\t\t\t<\/div>\n\t\t\t\t\t<\/div>\n\t\t<\/div>\n\t\t\t\t\t<\/div>\n\t\t<\/section>\n\t\t\t\t<div class=\"elementor-element elementor-element-3898bdc elementor-widget elementor-widget-spacer\" data-id=\"3898bdc\" data-element_type=\"widget\" data-e-type=\"widget\" data-widget_type=\"spacer.default\">\n\t\t\t\t<div class=\"elementor-widget-container\">\n\t\t\t\t\t\t\t<div class=\"elementor-spacer\">\n\t\t\t<div class=\"elementor-spacer-inner\"><\/div>\n\t\t<\/div>\n\t\t\t\t\t\t<\/div>\n\t\t\t\t<\/div>\n\t\t\t\t\t<\/div>\n\t\t<\/div>\n\t\t\t\t\t<\/div>\n\t\t<\/section>\n\t\t\t\t<section class=\"elementor-section elementor-top-section elementor-element elementor-element-dfa4dc7 elementor-section-boxed elementor-section-height-default elementor-section-height-default\" data-id=\"dfa4dc7\" data-element_type=\"section\" data-e-type=\"section\" data-settings=\"{&quot;background_background&quot;:&quot;classic&quot;}\">\n\t\t\t\t\t\t<div class=\"elementor-container elementor-column-gap-default\">\n\t\t\t\t\t<div class=\"elementor-column elementor-col-50 elementor-top-column elementor-element elementor-element-e73f053\" data-id=\"e73f053\" data-element_type=\"column\" data-e-type=\"column\">\n\t\t\t<div class=\"elementor-widget-wrap elementor-element-populated\">\n\t\t\t\t\t\t<div class=\"elementor-element elementor-element-7be9cf4 aleft elementor-widget elementor-widget-wgl-double-headings\" data-id=\"7be9cf4\" data-element_type=\"widget\" data-e-type=\"widget\" data-widget_type=\"wgl-double-headings.default\">\n\t\t\t\t<div class=\"elementor-widget-container\">\n\t\t\t\t\t        <div class=\"wgl-double_heading\">                <div class=\"dbl__subtitle\"><span>ORGANIZACI\u00d3N<\/span>                <\/div><h3 class=\"dbl__title-wrapper\"><span class=\"dbl__title dbl-title_1\">PERMANECE EL AMOR ICD A. C.<\/span><\/h3>        <\/div>\t\t\t\t<\/div>\n\t\t\t\t<\/div>\n\t\t\t\t<div class=\"elementor-element elementor-element-fa46d28 elementor-widget elementor-widget-text-editor\" data-id=\"fa46d28\" data-element_type=\"widget\" data-e-type=\"widget\" data-widget_type=\"text-editor.default\">\n\t\t\t\t<div class=\"elementor-widget-container\">\n\t\t\t\t\t\t\t\t\t<p>Muchas manos, un coraz\u00f3n, es una propuesta por la vida de aquellos que encontr\u00e1ndose en situaci\u00f3n de dificultad econ\u00f3mica, tienen problemas para tener un alimento digno, una propuesta de comedor comunitario que busca enlazar las necesidades de salud por la alimentaci\u00f3n de sectores vulnerables con una ayuda emocional y psicol\u00f3gica que ayude a generar una autoestima y valoraci\u00f3n de la persona. Igualmente busca establecer o restablecer los v\u00ednculos familiares cuando esto sea necesario a trav\u00e9s de una convivencia que inicie por la alimentaci\u00f3n. De esta forma, la Red de Comedores que pretendemos establecer no es solo un lugar donde alimentarse f\u00edsicamente, sino emotiva, familiar y con el esp\u00edritu de sembrar mejor\u00eda en las condiciones de vida de quienes la necesitan.<\/p>\t\t\t\t\t\t\t\t<\/div>\n\t\t\t\t<\/div>\n\t\t\t\t\t<\/div>\n\t\t<\/div>\n\t\t\t\t<div class=\"elementor-column elementor-col-50 elementor-top-column elementor-element elementor-element-467baef\" data-id=\"467baef\" data-element_type=\"column\" data-e-type=\"column\">\n\t\t\t<div class=\"elementor-widget-wrap elementor-element-populated\">\n\t\t\t\t\t\t<div class=\"elementor-element elementor-element-2264145 aleft elementor-widget elementor-widget-wgl-pricing-table\" data-id=\"2264145\" data-element_type=\"widget\" data-e-type=\"widget\" data-widget_type=\"wgl-pricing-table.default\">\n\t\t\t\t<div class=\"elementor-widget-container\">\n\t\t\t\t\t        <div class=\"wgl-pricing_plan\">\n            <div class=\"pricing_plan_wrap\">\n                                <div class=\"pricing_header\">\n                    <div class=\"pricing_title_wrapper\"><h4 class=\"pricing_title\">\u00bfCU\u00c1NTO QUIERES DONAR?<\/h4><\/div><div class=\"pricing_sub_title_wrapper\"><span class=\"pricing_sub_title\">Los montos est\u00e1n expresados en Pesos Mexicanos (MXN $)<\/span><\/div>                    <div class=\"pricing_price_wrap\">\n\t                    <span class=\"pricing_currency\">$<\/span><div class=\"pricing_price\">300<\/div><span class=\"pricing_period\">Mensual \/ \u00danica vez<\/span>                    <\/div>\n                <\/div>\n                <div class=\"pricing_content\">\n                    <p style=\"text-align: center;\">Asistencia social en materia alimentaria, de vestido y de ayuda emocional y psicol\u00f3gica. Integraci\u00f3n deportiva, cultural y familiar<\/p>                <\/div>\n                <div class=\"pricing_footer\">\n\t                <div class=\"button-wrapper\"><a  class=\"wgl-button btn-size-lg \" role=\"button\" href=\"https:\/\/www.paypal.com\/donate\/?hosted_button_id=54MPX9V472SG4\" target=\"_blank\"><div class=\"button-content-wrapper \"><span class=\"wgl-button-text\">DONAR AHORA<\/span><\/div><\/a><\/div>                <\/div>\n            <\/div>\n        <\/div>\t\t\t\t<\/div>\n\t\t\t\t<\/div>\n\t\t\t\t\t<\/div>\n\t\t<\/div>\n\t\t\t\t\t<\/div>\n\t\t<\/section>\n\t\t\t\t<\/div>\n\t\t","protected":false},"excerpt":{"rendered":"<p>Atando lazos de amor. Quier Ayudar Una caja de regalo siempre ser\u00e1 una emoci\u00f3n inminente tanta para el que la obsequia como para el que la recibe, siempre habr\u00e1 un \u201calgo especial\u201d al momento de abrirla y ver que tanta cercan\u00eda existe entre las personas que se regalan a trav\u00e9s del conocimiento de su personalidad. [&hellip;]<\/p>\n","protected":false},"author":1,"featured_media":0,"parent":0,"menu_order":0,"comment_status":"closed","ping_status":"closed","template":"","meta":{"give_campaign_id":0,"_joinchat":[],"footnotes":""},"class_list":["post-837","page","type-page","status-publish","hentry"],"campaignId":"","_links":{"self":[{"href":"http:\/\/permanecelamor.org.mx\/mx\/wp-json\/wp\/v2\/pages\/837","targetHints":{"allow":["GET"]}}],"collection":[{"href":"http:\/\/permanecelamor.org.mx\/mx\/wp-json\/wp\/v2\/pages"}],"about":[{"href":"http:\/\/permanecelamor.org.mx\/mx\/wp-json\/wp\/v2\/types\/page"}],"author":[{"embeddable":true,"href":"http:\/\/permanecelamor.org.mx\/mx\/wp-json\/wp\/v2\/users\/1"}],"replies":[{"embeddable":true,"href":"http:\/\/permanecelamor.org.mx\/mx\/wp-json\/wp\/v2\/comments?post=837"}],"version-history":[{"count":20,"href":"http:\/\/permanecelamor.org.mx\/mx\/wp-json\/wp\/v2\/pages\/837\/revisions"}],"predecessor-version":[{"id":8583,"href":"http:\/\/permanecelamor.org.mx\/mx\/wp-json\/wp\/v2\/pages\/837\/revisions\/8583"}],"wp:attachment":[{"href":"http:\/\/permanecelamor.org.mx\/mx\/wp-json\/wp\/v2\/media?parent=837"}],"curies":[{"name":"wp","href":"https:\/\/api.w.org\/{rel}","templated":true}]}}